{"id":36,"date":"2023-10-01T09:43:18","date_gmt":"2023-10-01T09:43:18","guid":{"rendered":"https:\/\/praxis-flacker.de\/?page_id=36"},"modified":"2023-10-01T09:43:18","modified_gmt":"2023-10-01T09:43:18","slug":"impressum","status":"publish","type":"page","link":"https:\/\/praxis-flacker.de\/?page_id=36","title":{"rendered":"Impressum"},"content":{"rendered":"\n<h4 class=\"wp-block-heading\">Impressum<\/h4>\n\n\n\n<p><strong>INFORMATIONEN NACH \u00a7 6 TDG<br>VERANTWORTLICH IM SINNE DES \u00a7 5 TMG<\/strong><\/p>\n\n\n\n<p><strong>Praxis Flacker<br><\/strong>Eycke Flacker, Fach\u00e4rztin f\u00fcr Allgemeinmedizin<\/p>\n\n\n\n<p>Hingbergstr. 322, 45472 M\u00fclheim an der Ruhr<\/p>\n\n\n\n<p>Telefon \u00a0\u00a0 0208-430584<\/p>\n\n\n\n<p>Email info@praxis-flacker.de<\/p>\n\n\n\n<p>F\u00fcr den Inhalt verantwortlich: Eycke Flacker<\/p>\n\n\n\n<p><strong>Zust\u00e4ndige Aufsichtsbeh\u00f6rde<\/strong><br>\u00c4rztekammer Nordrhein<\/p>\n\n\n\n<p><strong>Zust\u00e4ndige kassen\u00e4rztliche Vereinigung<\/strong><br>Kassen\u00e4rztliche Vereinigung Nordrhein (www.kvno.de)<\/p>\n\n\n\n<p><strong>Zust\u00e4ndige Landes\u00e4rztekammer<\/strong><br>\u00c4rztekammer Nordrhein (www.aekno.de)<\/p>\n\n\n\n<p><strong>Berufsrechtliche Regelungen<\/strong><br>Berufsordnung der\u00a0\u00c4rztekammer Nordrhein (www.aekno.de)<\/p>\n\n\n\n<p><strong>Berufsbezeichnung<\/strong><br>\u00c4rzte (verliehen in der Bundesrepublik Deutschland)<\/p>\n\n\n\n<p><strong>HAFTUNGSAUSSCHLUSS<\/strong><\/p>\n\n\n\n<p><strong>Haftung f\u00fcr Inhalte<\/strong><\/p>\n\n\n\n<p>Die Inhalte dieser Seiten wurden mit gr\u00f6\u00dfter Sorgfalt erstellt. F\u00fcr die Richtigkeit, Vollst\u00e4ndigkeit und Aktualit\u00e4t der Inhalte kann jedoch keine Gew\u00e4hr \u00fcbernommen werden. Der Diensteanbieter ist gem\u00e4\u00df \u00a7 7 Abs. 1 TMG f\u00fcr eigene Inhalte auf diesen Seiten nach den allgemeinen Gesetzen verantwortlich. Nach \u00a7\u00a7 8 bis 10 TMG ist der Diensteanbieter jedoch nicht verpflichtet, \u00fcbermittelte oder gespeicherte fremde Informationen zu \u00fcberwachen oder nach Umst\u00e4nden zu forschen, die auf eine rechtswidrige T\u00e4tigkeit hinweisen. Verpflichtungen zur Entfernung oder Sperrung der Nutzung von Informationen nach den allgemeinen Gesetzen bleiben hiervon unber\u00fchrt. Eine diesbez\u00fcgliche Haftung ist jedoch erst ab dem Zeitpunkt der Kenntnis einer konkreten Rechtsverletzung m\u00f6glich. Bei Bekanntwerden von entsprechenden Rechtsverletzungen werden diese Inhalte umgehend entfernt.<\/p>\n\n\n\n<p><strong>Haftung f\u00fcr Links<\/strong><\/p>\n\n\n\n<p>Das Angebot enth\u00e4lt Links zu externen Webseiten Dritter, ohne Einfluss auf deren Inhalte. Deshalb wird f\u00fcr die fremden Inhalte keine Gew\u00e4hr \u00fcbernommen. F\u00fcr die Inhalte der verlinkten Seiten ist stets der jeweilige Anbieter oder Betreiber der Seiten verantwortlich. Die verlinkten Seiten wurden zum Zeitpunkt der Verlinkung auf m\u00f6gliche Rechtsverst\u00f6\u00dfe \u00fcberpr\u00fcft. Rechtswidrige Inhalte waren zum Zeitpunkt der Verlinkung nicht erkennbar. Eine permanente inhaltliche Kontrolle der verlinkten Seiten ist jedoch ohne konkrete Anhaltspunkte einer Rechtsverletzung nicht zumutbar. Bei Bekanntwerden von Rechtsverletzungen werden wir derartige Links umgehend entfernen.<\/p>\n\n\n\n<p><strong>Urheberrecht<\/strong><\/p>\n\n\n\n<p>Die durch die Seitenbetreiber erstellten Inhalte und Werke auf diesen Seiten unterliegen dem deutschen Urheberrecht. Die Vervielf\u00e4ltigung, Bearbeitung, Verbreitung und jede Art der Verwertung au\u00dferhalb der Grenzen des Urheberrechtes bed\u00fcrfen der schriftlichen Zustimmung des jeweiligen Autors bzw. Erstellers. Downloads und Kopien dieser Seite sind nur f\u00fcr den privaten, nicht kommerziellen Gebrauch gestattet. Soweit die Inhalte auf dieser Seite nicht vom Betreiber erstellt wurden, werden die Urheberrechte Dritter beachtet. Insbesondere werden Inhalte Dritter als solche gekennzeichnet. Sollten Sie trotzdem auf eine Urheberrechtsverletzung aufmerksam werden, bitten wir um einen entsprechenden Hinweis. Bei Bekanntwerden von Rechtsverletzungen werden wir derartige Inhalte umgehend entfernen.<\/p>\n","protected":false},"excerpt":{"rendered":"<p>Impressum INFORMATIONEN NACH \u00a7 6 TDGVERANTWORTLICH IM SINNE DES \u00a7 5 TMG Praxis FlackerEycke Flacker, Fach\u00e4rztin f\u00fcr Allgemeinmedizin Hingbergstr. 322, 45472 M\u00fclheim an der Ruhr Telefon \u00a0\u00a0 0208-430584 Email info@praxis-flacker.de [&hellip;]<\/p>\n","protected":false},"author":1,"featured_media":0,"parent":0,"menu_order":0,"comment_status":"closed","ping_status":"closed","template":"","meta":{"footnotes":""},"class_list":["post-36","page","type-page","status-publish","czr-hentry"],"featured_media_urls":[],"_links":{"self":[{"href":"https:\/\/praxis-flacker.de\/index.php?rest_route=\/wp\/v2\/pages\/36","targetHints":{"allow":["GET"]}}],"collection":[{"href":"https:\/\/praxis-flacker.de\/index.php?rest_route=\/wp\/v2\/pages"}],"about":[{"href":"https:\/\/praxis-flacker.de\/index.php?rest_route=\/wp\/v2\/types\/page"}],"author":[{"embeddable":true,"href":"https:\/\/praxis-flacker.de\/index.php?rest_route=\/wp\/v2\/users\/1"}],"replies":[{"embeddable":true,"href":"https:\/\/praxis-flacker.de\/index.php?rest_route=%2Fwp%2Fv2%2Fcomments&post=36"}],"version-history":[{"count":1,"href":"https:\/\/praxis-flacker.de\/index.php?rest_route=\/wp\/v2\/pages\/36\/revisions"}],"predecessor-version":[{"id":37,"href":"https:\/\/praxis-flacker.de\/index.php?rest_route=\/wp\/v2\/pages\/36\/revisions\/37"}],"wp:attachment":[{"href":"https:\/\/praxis-flacker.de\/index.php?rest_route=%2Fwp%2Fv2%2Fmedia&parent=36"}],"curies":[{"name":"wp","href":"https:\/\/api.w.org\/{rel}","templated":true}]}}